{"id":16,"date":"2021-02-12T17:37:53","date_gmt":"2021-02-12T16:37:53","guid":{"rendered":"http:\/\/kleinegaqn.cluster003.ovh.net\/?page_id=16"},"modified":"2021-03-01T18:54:10","modified_gmt":"2021-03-01T17:54:10","slug":"kontakt","status":"publish","type":"page","link":"https:\/\/kleinegalerie-feuchtwangen.de\/index.php\/kontakt\/","title":{"rendered":"Kontakt"},"content":{"rendered":"\n<h3>So finden Sie uns:<\/h3>\n\n\n\n<p><strong>Kleine Galerie<\/strong><br>Kirchplatz 2<br>91555 Feuchtwangen<\/p>\n\n\n\n<p><a href=\"mailto:kontakt@kleinegalerie-feuchtwangen.de\">kontakt@kleinegalerie-feuchtwangen.de<\/a><\/p>\n\n\n\n<p><a href=\"http:\/\/www.facebook.de\/kleinegaleriefeu\" target=\"_blank\" rel=\"noreferrer noopener\">www.facebook.de\/kleinegaleriefeu<\/a><\/p>\n\n\n\n<p><strong>\u00d6ffnungszeiten:<\/strong> w\u00e4hrend den Ausstellungen<\/p>\n\n\n\n<p><strong>t\u00e4glich<\/strong>, auch an Sonn und Feiertagen von 14:00 bis 18:00 Uhr<\/p>\n\n\n\n<p>W\u00e4hrend der <strong>Kreuzgangspiele<\/strong> an den Spieltagen durchgehend von 14:00 bis 20:00 Uhr<\/p>\n\n\n\n<p>An den <strong>Weihnachstmarkttagen<\/strong> von 14:00 bis 20:00 Uhr ge\u00f6ffnet<\/p>\n\n\n\n<div class=\"wp-block-webfactory-map\"><div class=\"wp-block-webfactory-map\"><iframe loading=\"lazy\" src=\"https:\/\/www.google.com\/maps\/embed\/v1\/place?q=Kirchplatz%202%2C%2091555%20Feuchtwangen%2C%20Germany&amp;maptype=roadmap&amp;zoom=10&amp;key=AIzaSyAjyDspiPfzEfjRSS5fQzm-3jHFjHxeXB4\" width=\"100%\" height=\"300px\" frameborder=\"0\"><\/iframe><\/div><\/div>\n","protected":false},"excerpt":{"rendered":"<p>So finden Sie uns: Kleine GalerieKirchplatz 291555 Feuchtwangen kontakt@kleinegalerie-feuchtwangen.de www.facebook.de\/kleinegaleriefeu \u00d6ffnungszeiten: w\u00e4hrend den Ausstellungen t\u00e4glich, auch an Sonn und Feiertagen von 14:00 bis 18:00 Uhr W\u00e4hrend der Kreuzgangspiele an den Spieltagen durchgehend von 14:00 bis 20:00 Uhr An den Weihnachstmarkttagen von 14:00 bis 20:00 Uhr ge\u00f6ffnet<\/p>\n","protected":false},"author":2,"featured_media":0,"parent":0,"menu_order":0,"comment_status":"closed","ping_status":"closed","template":"","meta":[],"_links":{"self":[{"href":"https:\/\/kleinegalerie-feuchtwangen.de\/index.php\/wp-json\/wp\/v2\/pages\/16"}],"collection":[{"href":"https:\/\/kleinegalerie-feuchtwangen.de\/index.php\/wp-json\/wp\/v2\/pages"}],"about":[{"href":"https:\/\/kleinegalerie-feuchtwangen.de\/index.php\/wp-json\/wp\/v2\/types\/page"}],"author":[{"embeddable":true,"href":"https:\/\/kleinegalerie-feuchtwangen.de\/index.php\/wp-json\/wp\/v2\/users\/2"}],"replies":[{"embeddable":true,"href":"https:\/\/kleinegalerie-feuchtwangen.de\/index.php\/wp-json\/wp\/v2\/comments?post=16"}],"version-history":[{"count":4,"href":"https:\/\/kleinegalerie-feuchtwangen.de\/index.php\/wp-json\/wp\/v2\/pages\/16\/revisions"}],"predecessor-version":[{"id":214,"href":"https:\/\/kleinegalerie-feuchtwangen.de\/index.php\/wp-json\/wp\/v2\/pages\/16\/revisions\/214"}],"wp:attachment":[{"href":"https:\/\/kleinegalerie-feuchtwangen.de\/index.php\/wp-json\/wp\/v2\/media?parent=16"}],"curies":[{"name":"wp","href":"https:\/\/api.w.org\/{rel}","templated":true}]}}