{"id":35,"date":"2021-02-12T18:05:45","date_gmt":"2021-02-12T17:05:45","guid":{"rendered":"http:\/\/kleinegaqn.cluster003.ovh.net\/?page_id=35"},"modified":"2021-02-12T18:05:45","modified_gmt":"2021-02-12T17:05:45","slug":"unsere-ausstellungen","status":"publish","type":"page","link":"https:\/\/kleinegalerie-feuchtwangen.de\/index.php\/unsere-ausstellungen\/","title":{"rendered":"Unsere Ausstellungen"},"content":{"rendered":"\n<p><\/p>\n\n\n\n<style id=\"bwg-style-0\">    #bwg_container1_0 #bwg_container2_0 .bwg-container-0.bwg-standard-thumbnails {      width: 1004px;              justify-content: center;        margin:0 auto !important;              background-color: rgba(255, 255, 255, 0.00);            padding-left: 4px;      padding-top: 4px;      max-width: 100%;            }        #bwg_container1_0 #bwg_container2_0 .bwg-container-0.bwg-standard-thumbnails .bwg-item {    justify-content: flex-start;      max-width: 250px;          }    #bwg_container1_0 #bwg_container2_0 .bwg-container-0.bwg-standard-thumbnails .bwg-item a {       margin-right: 4px;       margin-bottom: 4px;    }    #bwg_container1_0 #bwg_container2_0 .bwg-container-0.bwg-standard-thumbnails .bwg-item0 {      padding: 0px;            background-color:rgba(0,0,0, 0.30);      border: 0px none #CCCCCC;      opacity: 1.00;      border-radius: 0;      box-shadow: ;    }    #bwg_container1_0 #bwg_container2_0 .bwg-container-0.bwg-standard-thumbnails .bwg-item1 img {      max-height: none;      max-width: none;      padding: 0 !important;    }         @media only screen and (min-width: 480px) {\t\t#bwg_container1_0 #bwg_container2_0 .bwg-container-0.bwg-standard-thumbnails .bwg-item1 img {\t\t\t-webkit-transition: all .3s; transition: all .3s;\t\t}\t\t#bwg_container1_0 #bwg_container2_0 .bwg-container-0.bwg-standard-thumbnails .bwg-item1 img:hover {\t\t\t-ms-transform: scale(1.08);\t\t\t-webkit-transform: scale(1.08);\t\t\ttransform: scale(1.08);\t\t}\t\t      }\t    #bwg_container1_0 #bwg_container2_0 .bwg-container-0.bwg-standard-thumbnails .bwg-item1 {      padding-top: 56%;    }        #bwg_container1_0 #bwg_container2_0 .bwg-container-0.bwg-standard-thumbnails .bwg-title2,    #bwg_container1_0 #bwg_container2_0 .bwg-container-0.bwg-standard-thumbnails .bwg-ecommerce2 {      color: #323A45;      font-family: Ubuntu;      font-size: 16px;      font-weight: bold;      padding: 2px;      text-shadow: ;      max-height: 100%;    }    #bwg_container1_0 #bwg_container2_0 .bwg-container-0.bwg-standard-thumbnails .bwg-thumb-description span {    color: #323A45;    font-family: Ubuntu;    font-size: 12px;    max-height: 100%;    word-wrap: break-word;    }    #bwg_container1_0 #bwg_container2_0 .bwg-container-0.bwg-standard-thumbnails .bwg-play-icon2 {      font-size: 32px;    }    #bwg_container1_0 #bwg_container2_0 .bwg-container-0.bwg-standard-thumbnails .bwg-ecommerce2 {      font-size: 19.2px;      color: #323A45;    }    <\/style>    <div id=\"bwg_container1_0\"         class=\"bwg_container bwg_thumbnail bwg_thumbnails \"         data-right-click-protection=\"0\"         data-bwg=\"0\"         data-scroll=\"0\"         data-gallery-type=\"thumbnails\"         data-gallery-view-type=\"thumbnails\"         data-current-url=\"\/index.php\/wp-json\/wp\/v2\/pages\/35\"         data-lightbox-url=\"https:\/\/kleinegalerie-feuchtwangen.de\/wp-admin\/admin-ajax.php?action=GalleryBox&#038;current_view=0&#038;gallery_id=7&#038;tag=0&#038;theme_id=1&#038;shortcode_id=14&#038;sort_by=order&#038;order_by=asc&#038;current_url=%2Findex.php%2Fwp-json%2Fwp%2Fv2%2Fpages%2F35\"         data-gallery-id=\"7\"         data-popup-width=\"800\"         data-popup-height=\"500\"         data-is-album=\"gallery\"         data-buttons-position=\"bottom\">      <div id=\"bwg_container2_0\">             <div id=\"ajax_loading_0\" class=\"bwg_loading_div_1\">      <div class=\"bwg_loading_div_2\">        <div class=\"bwg_loading_div_3\">          <div id=\"loading_div_0\" class=\"bwg_spider_ajax_loading\">          <\/div>        <\/div>      <\/div>    <\/div>            <form id=\"gal_front_form_0\"              class=\"bwg-hidden\"              method=\"post\"              action=\"#\"              data-current=\"0\"              data-shortcode-id=\"14\"              data-gallery-type=\"thumbnails\"              data-gallery-id=\"7\"              data-tag=\"0\"              data-album-id=\"0\"              data-theme-id=\"1\"              data-ajax-url=\"https:\/\/kleinegalerie-feuchtwangen.de\/wp-admin\/admin-ajax.php?action=bwg_frontend_data\">          <div id=\"bwg_container3_0\" class=\"bwg-background bwg-background-0\">                <div data-max-count=\"4\"         data-thumbnail-width=\"250\"         data-bwg=\"0\"         data-gallery-id=\"7\"         data-lightbox-url=\"https:\/\/kleinegalerie-feuchtwangen.de\/wp-admin\/admin-ajax.php?action=GalleryBox&amp;current_view=0&amp;gallery_id=7&amp;tag=0&amp;theme_id=1&amp;shortcode_id=14&amp;sort_by=order&amp;order_by=asc&amp;current_url=%2Findex.php%2Fwp-json%2Fwp%2Fv2%2Fpages%2F35\"         id=\"bwg_thumbnails_0\"         class=\"bwg-container-0 bwg-thumbnails bwg-standard-thumbnails bwg-container bwg-border-box\">            <div class=\"bwg-item\">        <a class=\"bwg-a \"  href=\"http:\/\/kleinegalerie-feuchtwangen.de\/index.php\/unsere-ausstellungen\/ostern\/\" target=\"\" data-elementor-open-lightbox=\"no\">                <div class=\"bwg-item0 \">          <div class=\"bwg-item1 \">            <div class=\"bwg-item2\">              <img class=\"skip-lazy bwg_standart_thumb_img_0 \"                   data-id=\"37\"                   data-width=\"375\"                   data-height=\"500\"                   data-src=\"https:\/\/kleinegalerie-feuchtwangen.de\/wp-content\/uploads\/photo-gallery\/thumb\/Ostern_1.jpg?bwg=1613578482\"                   src=\"https:\/\/kleinegalerie-feuchtwangen.de\/wp-content\/uploads\/photo-gallery\/thumb\/Ostern_1.jpg?bwg=1613578482\"                   alt=\"Ostern\"                   title=\"Ostern\" \/>            <\/div>            <div class=\"\">                                                      <\/div>          <\/div>        <\/div>                <div class=\"bwg-title1\"><div class=\"bwg-title2\">Ostern<\/div><\/div>        <\/a>              <\/div>            <div class=\"bwg-item\">        <a class=\"bwg-a \"  href=\"http:\/\/kleinegalerie-feuchtwangen.de\/index.php\/unsere-ausstellungen\/sommer\/\" target=\"\" data-elementor-open-lightbox=\"no\">                <div class=\"bwg-item0 \">          <div class=\"bwg-item1 \">            <div class=\"bwg-item2\">              <img class=\"skip-lazy bwg_standart_thumb_img_0 \"                   data-id=\"140\"                   data-width=\"375.00\"                   data-height=\"500.00\"                   data-src=\"https:\/\/kleinegalerie-feuchtwangen.de\/wp-content\/uploads\/photo-gallery\/thumb\/IMG_20221108_151531.jpg?bwg=1673374334\"                   src=\"https:\/\/kleinegalerie-feuchtwangen.de\/wp-content\/uploads\/photo-gallery\/thumb\/IMG_20221108_151531.jpg?bwg=1673374334\"                   alt=\"Sommer\"                   title=\"Sommer\" \/>            <\/div>            <div class=\"\">                                                      <\/div>          <\/div>        <\/div>                <div class=\"bwg-title1\"><div class=\"bwg-title2\">Sommer<\/div><\/div>        <\/a>              <\/div>            <div class=\"bwg-item\">        <a class=\"bwg-a \"  href=\"http:\/\/kleinegalerie-feuchtwangen.de\/index.php\/unsere-ausstellungen\/herbst\/\" target=\"\" data-elementor-open-lightbox=\"no\">                <div class=\"bwg-item0 \">          <div class=\"bwg-item1 \">            <div class=\"bwg-item2\">              <img class=\"skip-lazy bwg_standart_thumb_img_0 \"                   data-id=\"174\"                   data-width=\"500.00\"                   data-height=\"375.00\"                   data-src=\"https:\/\/kleinegalerie-feuchtwangen.de\/wp-content\/uploads\/photo-gallery\/Herbst\/2026\/thumb\/titel-2.jpg?bwg=1767894596\"                   src=\"https:\/\/kleinegalerie-feuchtwangen.de\/wp-content\/uploads\/photo-gallery\/Herbst\/2026\/thumb\/titel-2.jpg?bwg=1767894596\"                   alt=\"Herbst\"                   title=\"Herbst\" \/>            <\/div>            <div class=\"\">                                                      <\/div>          <\/div>        <\/div>                <div class=\"bwg-title1\"><div class=\"bwg-title2\">Herbst<\/div><\/div>        <\/a>              <\/div>            <div class=\"bwg-item\">        <a class=\"bwg-a \"  href=\"http:\/\/kleinegalerie-feuchtwangen.de\/index.php\/unsere-ausstellungen\/weihnachten\/\" target=\"\" data-elementor-open-lightbox=\"no\">                <div class=\"bwg-item0 \">          <div class=\"bwg-item1 \">            <div class=\"bwg-item2\">              <img class=\"skip-lazy bwg_standart_thumb_img_0 \"                   data-id=\"40\"                   data-width=\"1200\"                   data-height=\"798\"                   data-src=\"https:\/\/kleinegalerie-feuchtwangen.de\/wp-content\/uploads\/photo-gallery\/Weihnachten\/thumb\/Weihnacht_7.jpg?bwg=1613578520\"                   src=\"https:\/\/kleinegalerie-feuchtwangen.de\/wp-content\/uploads\/photo-gallery\/Weihnachten\/thumb\/Weihnacht_7.jpg?bwg=1613578520\"                   alt=\"Weihnachten\"                   title=\"Weihnachten\" \/>            <\/div>            <div class=\"\">                                                      <\/div>          <\/div>        <\/div>                <div class=\"bwg-title1\"><div class=\"bwg-title2\">Weihnachten<\/div><\/div>        <\/a>              <\/div>          <\/div>              <\/div>        <\/form>              <\/div>    <\/div>    <script>      if (document.readyState === 'complete') {        if( typeof bwg_main_ready == 'function' ) {          if ( jQuery(\"#bwg_container1_0\").height() ) {            bwg_main_ready(jQuery(\"#bwg_container1_0\"));          }        }      } else {        document.addEventListener('DOMContentLoaded', function() {          if( typeof bwg_main_ready == 'function' ) {            if ( jQuery(\"#bwg_container1_0\").height() ) {             bwg_main_ready(jQuery(\"#bwg_container1_0\"));            }          }        });      }    <\/script>    \n\n\n\n<p>Seit \u00fcber 40 Jahren bietet die Kleine Galerie Freizeit- und Hobbyk\u00fcnstler in den R\u00e4umen am Forstamtsgarten die M\u00f6glichkeit ihre Werke zu pr\u00e4sentieren.<br>Die Kleine Galerie ist nicht nur eine Verkaufsausstellung, sie will vielmehr auch anregen selbst kreativ t\u00e4tig zu sein. Auch Leute die selbst etwas ausstellen m\u00f6chten, sind herzlich willkommen.<\/p>\n\n\n\n<p><strong>Eintritt frei<\/strong> <\/p>\n\n\n\n<p>Ge\u00f6ffnet ist w\u00e4hrend den Ausstellungen t\u00e4glich, auch an Sonn- und Feiertagen von 14:00 \u2013 18:00 Uhr.<br>W\u00e4hrend der Kreuzgangspiele, an den Spieltagen, von 14:00 \u2013 20:00 Uhr.<br>An den Weihnachtsmarkttagen ist von 14:00 \u2013 20:00 Uhr ge\u00f6ffnet.<\/p>\n","protected":false},"excerpt":{"rendered":"<p>Seit \u00fcber 40 Jahren bietet die Kleine Galerie Freizeit- und Hobbyk\u00fcnstler in den R\u00e4umen am Forstamtsgarten die M\u00f6glichkeit ihre Werke zu pr\u00e4sentieren.Die Kleine Galerie ist nicht nur eine Verkaufsausstellung, sie will vielmehr auch anregen selbst kreativ t\u00e4tig zu sein. Auch Leute die selbst etwas ausstellen m\u00f6chten, sind herzlich willkommen. Eintritt frei Ge\u00f6ffnet ist w\u00e4hrend den&hellip; <br \/> <a class=\"read-more\" href=\"https:\/\/kleinegalerie-feuchtwangen.de\/index.php\/unsere-ausstellungen\/\">Read more<\/a><\/p>\n","protected":false},"author":2,"featured_media":0,"parent":0,"menu_order":0,"comment_status":"closed","ping_status":"closed","template":"","meta":[],"_links":{"self":[{"href":"https:\/\/kleinegalerie-feuchtwangen.de\/index.php\/wp-json\/wp\/v2\/pages\/35"}],"collection":[{"href":"https:\/\/kleinegalerie-feuchtwangen.de\/index.php\/wp-json\/wp\/v2\/pages"}],"about":[{"href":"https:\/\/kleinegalerie-feuchtwangen.de\/index.php\/wp-json\/wp\/v2\/types\/page"}],"author":[{"embeddable":true,"href":"https:\/\/kleinegalerie-feuchtwangen.de\/index.php\/wp-json\/wp\/v2\/users\/2"}],"replies":[{"embeddable":true,"href":"https:\/\/kleinegalerie-feuchtwangen.de\/index.php\/wp-json\/wp\/v2\/comments?post=35"}],"version-history":[{"count":0,"href":"https:\/\/kleinegalerie-feuchtwangen.de\/index.php\/wp-json\/wp\/v2\/pages\/35\/revisions"}],"wp:attachment":[{"href":"https:\/\/kleinegalerie-feuchtwangen.de\/index.php\/wp-json\/wp\/v2\/media?parent=35"}],"curies":[{"name":"wp","href":"https:\/\/api.w.org\/{rel}","templated":true}]}}